{"id":7971,"date":"2019-09-01T16:17:19","date_gmt":"2019-09-01T19:17:19","guid":{"rendered":"http:\/\/carbimetal1.hospedagemdesites.ws\/site\/?page_id=7971"},"modified":"2020-06-27T00:02:15","modified_gmt":"2020-06-27T03:02:15","slug":"produtos","status":"publish","type":"page","link":"https:\/\/carbimetal.com.br\/site\/produtos\/","title":{"rendered":"Produtos"},"content":{"rendered":"<p>[vc_row row_content_width=&#8221;grid&#8221; css=&#8221;.vc_custom_1485854365361{padding-top: 113px !important;padding-bottom: 57px !important;}&#8221;][vc_column offset=&#8221;vc_col-lg-12 vc_col-md-12&#8243;]<div class=\"edgtf-section-title-holder\" style=\"padding: 0 0 0 20px 0;text-align: center\">\n\t\t\t<h2 class=\"edgtf-st-title\" style=\"color: #000000\">\n\t\t\t<span>Por Aplica\u00e7\u00e3o<\/span>\n\t\t<\/h2>\n\t\t<\/div>[vc_empty_space]<p>[vc_row equal_height=&#8221;yes&#8221; css=&#8221;.vc_custom_1573094684218{margin-top: 40px !important;margin-bottom: 40px !important;}&#8221;][vc_column width=&#8221;1\/5&#8243;][vc_column_text]<a href=\"https:\/\/www.iscar.com\/eCatalog\/Applications.aspx?mapp=TG\" rel=\"lightbox\" data-lightbox-type=\"iframe\">[vc_single_image image=&#8221;8081&#8243; img_size=&#8221;full&#8221; alignment=&#8221;center&#8221; css=&#8221;.vc_custom_1566167057443{margin-bottom: 10px !important;}&#8221;]<div class=\"edgtf-section-title-holder\" style=\"text-align: center\">\n\t\t\t<h5 class=\"edgtf-st-title\" style=\"color: #2670aa\">\n\t\t\t<span>Torneamento e Canal<\/span>\n\t\t<\/h5>\n\t\t<\/div><\/a>[\/vc_column_text][\/vc_column][vc_column width=&#8221;1\/5&#8243;][vc_column_text]<a href=\"https:\/\/www.iscar.com\/eCatalog\/Applications.aspx?mapp=IS\" rel=\"lightbox\" data-lightbox-type=\"iframe\">[vc_single_image image=&#8221;8084&#8243; img_size=&#8221;full&#8221; alignment=&#8221;center&#8221; css=&#8221;.vc_custom_1566166982802{margin-bottom: 10px !important;}&#8221;]<div class=\"edgtf-section-title-holder\" style=\"text-align: center\">\n\t\t\t<h5 class=\"edgtf-st-title\" style=\"color: #2670aa\">\n\t\t\t<span>Torneamento<\/span>\n\t\t<\/h5>\n\t\t<\/div><\/a>[\/vc_column_text][\/vc_column][vc_column width=&#8221;1\/5&#8243;][vc_column_text]<a href=\"https:\/\/www.iscar.com\/eCatalog\/Applications.aspx?mapp=TH\" rel=\"lightbox\" data-lightbox-type=\"iframe\">[vc_single_image image=&#8221;8083&#8243; img_size=&#8221;full&#8221; alignment=&#8221;center&#8221; css=&#8221;.vc_custom_1566167205180{margin-bottom: 10px !important;}&#8221;]<div class=\"edgtf-section-title-holder\" style=\"text-align: center\">\n\t\t\t<h5 class=\"edgtf-st-title\" style=\"color: #2670aa\">\n\t\t\t<span>Rosqueamento<\/span>\n\t\t<\/h5>\n\t\t<\/div><\/a>[\/vc_column_text][\/vc_column][vc_column width=&#8221;1\/5&#8243;][vc_column_text]<a href=\"https:\/\/www.iscar.com\/eCatalog\/Applications.aspx?mapp=ML\" rel=\"lightbox\" data-lightbox-type=\"iframe\">[vc_single_image image=&#8221;8080&#8243; img_size=&#8221;full&#8221; alignment=&#8221;center&#8221; css=&#8221;.vc_custom_1566167891631{margin-bottom: 10px !important;}&#8221;]<div class=\"edgtf-section-title-holder\" style=\"text-align: center\">\n\t\t\t<h5 class=\"edgtf-st-title\" style=\"color: #2670aa\">\n\t\t\t<span>Fresamento<\/span>\n\t\t<\/h5>\n\t\t<\/div><\/a>[\/vc_column_text][\/vc_column][vc_column width=&#8221;1\/5&#8243;][vc_column_text]<a href=\"https:\/\/www.iscar.com\/eCatalog\/Applications.aspx?mapp=DR\" rel=\"lightbox\" data-lightbox-type=\"iframe\">[vc_single_image image=&#8221;8078&#8243; img_size=&#8221;full&#8221; alignment=&#8221;center&#8221; css=&#8221;.vc_custom_1566167296992{margin-bottom: 10px !important;}&#8221;]<div class=\"edgtf-section-title-holder\" style=\"text-align: center\">\n\t\t\t<h5 class=\"edgtf-st-title\" style=\"color: #2670aa\">\n\t\t\t<span>Fura\u00e7\u00e3o<\/span>\n\t\t<\/h5>\n\t\t<\/div><\/a>[\/vc_column_text][\/vc_column][\/vc_row][vc_row equal_height=&#8221;yes&#8221; css=&#8221;.vc_custom_1573094892039{margin-top: 40px !important;margin-bottom: 40px !important;}&#8221;][vc_column width=&#8221;1\/5&#8243;][vc_column_text]<a href=\"https:\/\/www.iscar.com\/eCatalog\/BoringMain.aspx\" rel=\"lightbox\" data-lightbox-type=\"iframe\">[vc_single_image image=&#8221;8082&#8243; img_size=&#8221;full&#8221; alignment=&#8221;center&#8221; css=&#8221;.vc_custom_1566167344160{margin-bottom: 10px !important;}&#8221;]<div class=\"edgtf-section-title-holder\" style=\"text-align: center\">\n\t\t\t<h5 class=\"edgtf-st-title\" style=\"color: #2670aa\">\n\t\t\t<span>Mandrilamento<\/span>\n\t\t<\/h5>\n\t\t<\/div><\/a>[\/vc_column_text][\/vc_column][vc_column width=&#8221;1\/5&#8243;][vc_column_text]<a href=\"https:\/\/www.iscar.com\/eCatalog\/Applications.aspx?mapp=IT\" rel=\"lightbox\" data-lightbox-type=\"iframe\">[vc_single_image image=&#8221;8086&#8243; img_size=&#8221;full&#8221; alignment=&#8221;center&#8221; css=&#8221;.vc_custom_1566167439628{margin-bottom: 10px !important;}&#8221;]<div class=\"edgtf-section-title-holder\" style=\"text-align: center\">\n\t\t\t<h5 class=\"edgtf-st-title\" style=\"color: #2670aa\">\n\t\t\t<span>Sistema de Fixa\u00e7\u00e3o<\/span>\n\t\t<\/h5>\n\t\t<\/div><\/a>[\/vc_column_text][\/vc_column][vc_column width=&#8221;1\/5&#8243;][vc_column_text]<a href=\"https:\/\/youtu.be\/PptDUiJ7Eic\" rel=\"lightbox\" data-lightbox-type=\"video\">[vc_single_image image=&#8221;8085&#8243; img_size=&#8221;full&#8221; alignment=&#8221;center&#8221; css=&#8221;.vc_custom_1566167568915{margin-bottom: 10px !important;}&#8221;]<div class=\"edgtf-section-title-holder\" style=\"text-align: center\">\n\t\t\t<h5 class=\"edgtf-st-title\" style=\"color: #2670aa\">\n\t\t\t<span>Ferramentas Digitais<\/span>\n\t\t<\/h5>\n\t\t<\/div><\/a>[\/vc_column_text][\/vc_column][vc_column width=&#8221;1\/5&#8243;][vc_column_text]<a href=\"https:\/\/www.iscar.com\/eCatalog\/gradesTable\/gradesTable.html\" rel=\"lightbox\" data-lightbox-type=\"iframe\">[vc_single_image image=&#8221;8079&#8243; img_size=&#8221;full&#8221; alignment=&#8221;center&#8221; css=&#8221;.vc_custom_1566167904324{margin-bottom: 10px !important;}&#8221;]<div class=\"edgtf-section-title-holder\" style=\"text-align: center\">\n\t\t\t<h5 class=\"edgtf-st-title\" style=\"color: #2670aa\">\n\t\t\t<span>Classes e Insertos <\/span>\n\t\t<\/h5>\n\t\t<\/div><\/a>[\/vc_column_text][\/vc_column][vc_column width=&#8221;1\/5&#8243;][vc_column_text]<a href=\"https:\/\/www.ctms-imc.com\/index.php\/pt\/home-portugal\/\" rel=\"lightbox\" data-lightbox-type=\"iframe\">[vc_single_image image=&#8221;8077&#8243; img_size=&#8221;full&#8221; alignment=&#8221;center&#8221; css=&#8221;.vc_custom_1566167904324{margin-bottom: 10px !important;}&#8221;]<div class=\"edgtf-section-title-holder\" style=\"text-align: center\">\n\t\t\t<h5 class=\"edgtf-st-title\" style=\"color: #2670aa\">\n\t\t\t<span>Gerenciamento Inteligente de Ferramentas<\/span>\n\t\t<\/h5>\n\t\t<\/div><\/a>[\/vc_column_text][\/vc_column][\/vc_row][vc_row][vc_column][vc_btn title=&#8221;Veja cat\u00e1logo completo de produtos&#8221; style=&#8221;custom&#8221; custom_background=&#8221;#2670aa&#8221; custom_text=&#8221;#ffffff&#8221; align=&#8221;center&#8221; link=&#8221;url:https%3A%2F%2Fwww.iscar.com%2FeCatalog%2FIndex.aspx||target:%20_blank|&#8221;][\/vc_column][\/vc_row]<\/p>\n<style type=\"text\/css\" data-type=\"rcb-_wpb_shortcodes_custom_css-7917\">.vc_custom_1573094684218{margin-top: 40px !important;margin-bottom: 40px !important;}.vc_custom_1573094892039{margin-top: 40px !important;margin-bottom: 40px !important;}.vc_custom_1566167057443{margin-bottom: 10px !important;}.vc_custom_1566166982802{margin-bottom: 10px !important;}.vc_custom_1566167205180{margin-bottom: 10px !important;}.vc_custom_1566167891631{margin-bottom: 10px !important;}.vc_custom_1566167296992{margin-bottom: 10px !important;}.vc_custom_1566167344160{margin-bottom: 10px !important;}.vc_custom_1566167439628{margin-bottom: 10px !important;}.vc_custom_1566167568915{margin-bottom: 10px !important;}.vc_custom_1566167904324{margin-bottom: 10px !important;}.vc_custom_1566167904324{margin-bottom: 10px !important;}<\/style>[\/vc_column][\/vc_row][vc_row row_content_width=&#8221;grid&#8221; content_text_aligment=&#8221;center&#8221;][vc_column]<p>[vc_row full_width=&#8221;stretch_row_content_no_spaces&#8221; css=&#8221;.vc_custom_1566169595054{padding-top: 22px !important;padding-bottom: 54px !important;background-color: #2670aa !important;}&#8221;][vc_column width=&#8221;1\/4&#8243;][\/vc_column][vc_column width=&#8221;1\/2&#8243;]<div class=\"edgtf-section-title-holder\" style=\"text-align: center\">\n\t\t\t<h4 class=\"edgtf-st-title\" style=\"color: #ffffff\">\n\t\t\t<span>Para saber mais sobre n\u00f3s ou nossos produtos envie uma mensagem em nosso WhatsApp<\/span>\n\t\t<\/h4>\n\t\t<\/div><a itemprop=\"url\" href=\"https:\/\/api.whatsapp.com\/send?1=pt_BR&#038;phone=5511940337233\" target=\"_self\" style=\"color: #ffffff;border-color: #ffffff;margin: 40px 0 0 0\" class=\"edgtf-btn edgtf-btn-medium edgtf-btn-outline edgtf-btn-icon\"  >\n    <span class=\"edgtf-btn-text\">Iniciar Conversa<\/span>\n    <i class=\"edgtf-icon-font-awesome fa fa-whatsapp \" ><\/i><\/a>[\/vc_column][vc_column width=&#8221;1\/4&#8243;][\/vc_column][\/vc_row]<\/p>\n<style type=\"text\/css\" data-type=\"rcb-_wpb_shortcodes_custom_css-7928\">.vc_custom_1566169595054{padding-top: 22px !important;padding-bottom: 54px !important;background-color: #2670aa !important;}<\/style>[\/vc_column][\/vc_row][vc_row full_width=&#8221;stretch_row_content&#8221; row_content_width=&#8221;grid&#8221; content_text_aligment=&#8221;left&#8221;][vc_column]<p>[vc_row css=&#8221;.vc_custom_1566154964169{padding-top: 67px !important;background-color: #f5f5f5 !important;}&#8221;][vc_column][vc_row_inner row_content_width=&#8221;grid&#8221;][vc_column_inner width=&#8221;3\/4&#8243; offset=&#8221;vc_col-lg-9 vc_col-md-9&#8243;]<div class=\"edgtf-elements-holder edgtf-one-column edgtf-responsive-mode-768\" ><div class=\"edgtf-eh-item \"  data-item-class=\"edgtf-eh-custom-642667\" data-768-1024=\"0% 8% 8% 0%\">\n\t<div class=\"edgtf-eh-item-inner\">\n\t\t<div class=\"edgtf-eh-item-content edgtf-eh-custom-642667\" style=\"padding: 7% 8% 0% 0%\">\n\t\t\t<div class=\"edgtf-section-title-holder\" style=\"padding: 0 No Coding Required\">\n\t\t\t<h2 class=\"edgtf-st-title\" >\n\t\t\t<span>Distribuidor autorizado ISCAR<\/span>\n\t\t<\/h2>\n\t\t<\/div>\t\t<\/div>\n\t<\/div>\n<\/div><\/div>[\/vc_column_inner][vc_column_inner width=&#8221;1\/4&#8243; offset=&#8221;vc_col-lg-3 vc_col-md-3&#8243;]<div class=\"edgtf-elements-holder edgtf-one-column edgtf-responsive-mode-768\" ><div class=\"edgtf-eh-item edgtf-horizontal-alignment-center\"  data-item-class=\"edgtf-eh-custom-406796\" data-768-1024=\"0 50% 0 0px\" data-600-768=\"0 30% 0 0px\" data-480-600=\"0 30% 0 0px\" data-480=\"0 5% 0 5%\">\n\t<div class=\"edgtf-eh-item-inner\">\n\t\t<div class=\"edgtf-eh-item-content edgtf-eh-custom-406796\" style=\"padding: 0 0 0 20px\">\n\t\t\t[vc_single_image image=&#8221;7892&#8243; img_size=&#8221;full&#8221; css_animation=&#8221;bottom-to-top&#8221;]\t\t<\/div>\n\t<\/div>\n<\/div><\/div>[\/vc_column_inner][vc_column_inner el_id=&#8221;distribuidor-autorizado&#8221;][vc_column_text]<\/p>\n<p style=\"font-size: 16px;\">Um fornecedor din\u00e2mico e \u00e1gil, pronto a oferecer uma abrangente e completa linha de ferramentas de corte de precis\u00e3o. Possu\u00edmos ampla gama de insertos de metal duro, fresas de topo reto e esf\u00e9ricas, abrangendo a maioria das aplica\u00e7\u00f5es de corte de metal por usinagem nas linhas de Torneamento, Fresamento, Corte e Canal, Fura\u00e7\u00e3o e Sistema de Fixa\u00e7\u00e3o. Al\u00e9m disso, tamb\u00e9m temos solu\u00e7\u00f5es de engenharia e produ\u00e7\u00e3o para as principais ind\u00fastrias ao redor do mundo. Todos os nossos produtos contam com a mais alta tecnologia, com o objetivo de proporcionar: maior Produtividade, Rentabilidade e Desempenho.<\/p>\n<p>[\/vc_column_text][vc_column_text]<\/p>\n<div class=\"d-flex justify-around\">\n<ul style=\"list-style-type: none;\">\n<li>&#8211; Fresamento mais r\u00e1pido<\/li>\n<li>&#8211; Maior durabilidade<\/li>\n<li>&#8211; For\u00e7a de corte reduzida<\/li>\n<\/ul>\n<ul style=\"list-style-type: none;\">\n<li>&#8211; Economia de energia<\/li>\n<li>&#8211; Mais arestas por inserto<\/li>\n<li>&#8211; Maior controle de cavacos<\/li>\n<\/ul>\n<ul style=\"list-style-type: none;\">\n<li>&#8211; Ferramentas vers\u00e1teis e multifuncionais<\/li>\n<li>&#8211; Produtos para usinagem completa<\/li>\n<li>&#8211; Desenhos de auto fixar\u00e3o mais robustos<\/li>\n<\/ul>\n<\/div>\n<p>[\/vc_column_text][vc_empty_space height=&#8221;29px&#8221;][\/vc_column_inner][\/vc_row_inner][\/vc_column][\/vc_row]<\/p>\n<style type=\"text\/css\" data-type=\"rcb-_wpb_shortcodes_custom_css-7979\">.vc_custom_1566154964169{padding-top: 67px !important;background-color: #f5f5f5 !important;}<\/style>[\/vc_column][\/vc_row]<\/p>\n","protected":false},"excerpt":{"rendered":"<p>[vc_row row_content_width=&#8221;grid&#8221; css=&#8221;.vc_custom_1485854365361{padding-top: 113px !important;padding-bottom: 57px !important;}&#8221;][vc_column offset=&#8221;vc_col-lg-12 vc_col-md-12&#8243;][vc_empty_space][\/vc_column][\/vc_row][vc_row row_content_width=&#8221;grid&#8221; content_text_aligment=&#8221;center&#8221;][vc_column][\/vc_column][\/vc_row][vc_row full_width=&#8221;stretch_row_content&#8221; row_content_width=&#8221;grid&#8221; content_text_aligment=&#8221;left&#8221;][vc_column][\/vc_column][\/vc_row]<\/p>\n","protected":false},"author":6,"featured_media":0,"parent":0,"menu_order":0,"comment_status":"closed","ping_status":"closed","template":"","meta":{"footnotes":""},"class_list":["post-7971","page","type-page","status-publish","hentry"],"yoast_head":"<!-- This site is optimized with the Yoast SEO plugin v23.2 - https:\/\/yoast.com\/wordpress\/plugins\/seo\/ -->\n<title>Produtos - Comercio de Ferramentas de Usinagem<\/title>\n<meta name=\"robots\" content=\"index, follow, max-snippet:-1, max-image-preview:large, max-video-preview:-1\" \/>\n<link rel=\"canonical\" href=\"https:\/\/carbimetal.com.br\/site\/produtos\/\" \/>\n<meta property=\"og:locale\" content=\"pt_BR\" \/>\n<meta property=\"og:type\" content=\"article\" \/>\n<meta property=\"og:title\" content=\"Produtos - Comercio de Ferramentas de Usinagem\" \/>\n<meta property=\"og:description\" content=\"[vc_row row_content_width=&#8221;grid&#8221; css=&#8221;.vc_custom_1485854365361{padding-top: 113px !important;padding-bottom: 57px !important;}&#8221;][vc_column offset=&#8221;vc_col-lg-12 vc_col-md-12&#8243;][vc_empty_space][\/vc_column][\/vc_row][vc_row row_content_width=&#8221;grid&#8221; content_text_aligment=&#8221;center&#8221;][vc_column][\/vc_column][\/vc_row][vc_row full_width=&#8221;stretch_row_content&#8221; row_content_width=&#8221;grid&#8221; content_text_aligment=&#8221;left&#8221;][vc_column][\/vc_column][\/vc_row]\" \/>\n<meta property=\"og:url\" content=\"https:\/\/carbimetal.com.br\/site\/produtos\/\" \/>\n<meta property=\"og:site_name\" content=\"Comercio de Ferramentas de Usinagem\" \/>\n<meta property=\"article:modified_time\" content=\"2020-06-27T03:02:15+00:00\" \/>\n<meta name=\"twitter:card\" content=\"summary_large_image\" \/>\n<script type=\"application\/ld+json\" class=\"yoast-schema-graph\">{\"@context\":\"https:\/\/schema.org\",\"@graph\":[{\"@type\":\"WebPage\",\"@id\":\"https:\/\/carbimetal.com.br\/site\/produtos\/\",\"url\":\"https:\/\/carbimetal.com.br\/site\/produtos\/\",\"name\":\"Produtos - Comercio de Ferramentas de Usinagem\",\"isPartOf\":{\"@id\":\"https:\/\/carbimetal.com.br\/site\/#website\"},\"datePublished\":\"2019-09-01T19:17:19+00:00\",\"dateModified\":\"2020-06-27T03:02:15+00:00\",\"breadcrumb\":{\"@id\":\"https:\/\/carbimetal.com.br\/site\/produtos\/#breadcrumb\"},\"inLanguage\":\"pt-BR\",\"potentialAction\":[{\"@type\":\"ReadAction\",\"target\":[\"https:\/\/carbimetal.com.br\/site\/produtos\/\"]}]},{\"@type\":\"BreadcrumbList\",\"@id\":\"https:\/\/carbimetal.com.br\/site\/produtos\/#breadcrumb\",\"itemListElement\":[{\"@type\":\"ListItem\",\"position\":1,\"name\":\"In\u00edcio\",\"item\":\"http:\/\/carbimetal.com.br\/site\/\"},{\"@type\":\"ListItem\",\"position\":2,\"name\":\"Produtos\"}]},{\"@type\":\"WebSite\",\"@id\":\"https:\/\/carbimetal.com.br\/site\/#website\",\"url\":\"https:\/\/carbimetal.com.br\/site\/\",\"name\":\"Comercio de Ferramentas de Usinagem\",\"description\":\"\",\"potentialAction\":[{\"@type\":\"SearchAction\",\"target\":{\"@type\":\"EntryPoint\",\"urlTemplate\":\"https:\/\/carbimetal.com.br\/site\/?s={search_term_string}\"},\"query-input\":\"required name=search_term_string\"}],\"inLanguage\":\"pt-BR\"}]}<\/script>\n<!-- \/ Yoast SEO plugin. -->","yoast_head_json":{"title":"Produtos - Comercio de Ferramentas de Usinagem","robots":{"index":"index","follow":"follow","max-snippet":"max-snippet:-1","max-image-preview":"max-image-preview:large","max-video-preview":"max-video-preview:-1"},"canonical":"https:\/\/carbimetal.com.br\/site\/produtos\/","og_locale":"pt_BR","og_type":"article","og_title":"Produtos - Comercio de Ferramentas de Usinagem","og_description":"[vc_row row_content_width=&#8221;grid&#8221; css=&#8221;.vc_custom_1485854365361{padding-top: 113px !important;padding-bottom: 57px !important;}&#8221;][vc_column offset=&#8221;vc_col-lg-12 vc_col-md-12&#8243;][vc_empty_space][\/vc_column][\/vc_row][vc_row row_content_width=&#8221;grid&#8221; content_text_aligment=&#8221;center&#8221;][vc_column][\/vc_column][\/vc_row][vc_row full_width=&#8221;stretch_row_content&#8221; row_content_width=&#8221;grid&#8221; content_text_aligment=&#8221;left&#8221;][vc_column][\/vc_column][\/vc_row]","og_url":"https:\/\/carbimetal.com.br\/site\/produtos\/","og_site_name":"Comercio de Ferramentas de Usinagem","article_modified_time":"2020-06-27T03:02:15+00:00","twitter_card":"summary_large_image","schema":{"@context":"https:\/\/schema.org","@graph":[{"@type":"WebPage","@id":"https:\/\/carbimetal.com.br\/site\/produtos\/","url":"https:\/\/carbimetal.com.br\/site\/produtos\/","name":"Produtos - Comercio de Ferramentas de Usinagem","isPartOf":{"@id":"https:\/\/carbimetal.com.br\/site\/#website"},"datePublished":"2019-09-01T19:17:19+00:00","dateModified":"2020-06-27T03:02:15+00:00","breadcrumb":{"@id":"https:\/\/carbimetal.com.br\/site\/produtos\/#breadcrumb"},"inLanguage":"pt-BR","potentialAction":[{"@type":"ReadAction","target":["https:\/\/carbimetal.com.br\/site\/produtos\/"]}]},{"@type":"BreadcrumbList","@id":"https:\/\/carbimetal.com.br\/site\/produtos\/#breadcrumb","itemListElement":[{"@type":"ListItem","position":1,"name":"In\u00edcio","item":"http:\/\/carbimetal.com.br\/site\/"},{"@type":"ListItem","position":2,"name":"Produtos"}]},{"@type":"WebSite","@id":"https:\/\/carbimetal.com.br\/site\/#website","url":"https:\/\/carbimetal.com.br\/site\/","name":"Comercio de Ferramentas de Usinagem","description":"","potentialAction":[{"@type":"SearchAction","target":{"@type":"EntryPoint","urlTemplate":"https:\/\/carbimetal.com.br\/site\/?s={search_term_string}"},"query-input":"required name=search_term_string"}],"inLanguage":"pt-BR"}]}},"_links":{"self":[{"href":"https:\/\/carbimetal.com.br\/site\/wp-json\/wp\/v2\/pages\/7971"}],"collection":[{"href":"https:\/\/carbimetal.com.br\/site\/wp-json\/wp\/v2\/pages"}],"about":[{"href":"https:\/\/carbimetal.com.br\/site\/wp-json\/wp\/v2\/types\/page"}],"author":[{"embeddable":true,"href":"https:\/\/carbimetal.com.br\/site\/wp-json\/wp\/v2\/users\/6"}],"replies":[{"embeddable":true,"href":"https:\/\/carbimetal.com.br\/site\/wp-json\/wp\/v2\/comments?post=7971"}],"version-history":[{"count":1,"href":"https:\/\/carbimetal.com.br\/site\/wp-json\/wp\/v2\/pages\/7971\/revisions"}],"predecessor-version":[{"id":8122,"href":"https:\/\/carbimetal.com.br\/site\/wp-json\/wp\/v2\/pages\/7971\/revisions\/8122"}],"wp:attachment":[{"href":"https:\/\/carbimetal.com.br\/site\/wp-json\/wp\/v2\/media?parent=7971"}],"curies":[{"name":"wp","href":"https:\/\/api.w.org\/{rel}","templated":true}]}}